{"id":1371,"date":"2024-03-11T16:32:21","date_gmt":"2024-03-11T15:32:21","guid":{"rendered":"https:\/\/www.campingdelacroze.com\/terms-of-use\/"},"modified":"2026-02-02T14:40:58","modified_gmt":"2026-02-02T13:40:58","slug":"terms-of-use","status":"publish","type":"page","link":"https:\/\/www.campingdelacroze.com\/en\/terms-of-use\/","title":{"rendered":"Terms of use"},"content":{"rendered":"<section id=\"ls-section-block_227bdf32b67c11ac4c97c9bb467fea79\" class=\"ls-section  has-m-t m-t-4 has-p-t p-t-4\" >\r\n        <div class=\"container container--wide\">\r\n        \n\n<h1 class=\"ls__heading wp-block-heading has-text-align-center\">Terms of use<\/h1>\n\n\n\n<h2 class=\"ls__heading wp-block-heading has-text-align-center\">Site manager<\/h2>\n\n\n\n<p class=\"ls-paragraph has-text-align-center\"><strong>CAMPING LA CROZE<\/strong><br\/>48 ROUTE DE MOZAC &#8211; SAINT-HIPPOLYTE<br\/>T\u00e9l. 06 87 14 43 62<br\/>Email: campinglacroze@wanadoo.fr<br\/>SIRET : 98294726900014 <br\/>Forme juridique : Soci\u00e9t\u00e9 \u00e0 responsabilit\u00e9 limit\u00e9e<br\/>TVA Intracommunautaire : FR12982947269<br\/>Publication manager : Sandrine et Christophe Jacquet<\/p>\n\n\n\n<h2 class=\"ls__heading wp-block-heading has-text-align-center\">PRODUCTION<\/h2>\n\n\n\n<p class=\"ls-paragraph has-text-align-center\"><strong>GEEK TONIC<\/strong><br\/>Represented by Mr Yohan Darmayan in his capacity as Manager<br\/>Registered office: 16 CHEMIN DE SABALCE 64100 BAYONNE<br\/>Tel: 05 32 74 11 52<br\/>E-mail: support@geek-tonic.com<br\/>Website: <a href=\"https:\/\/www.geek-tonic.com\/\">www.geek-tonic.com<\/a><br\/>SIRET: 89746755100015<br\/>APE: 6201Z<\/p>\n\n\n\n<h2 class=\"ls__heading wp-block-heading has-text-align-center\">ROYALTIES AND COPYRIGHTS<\/h2>\n\n\n\n<p class=\"ls-paragraph has-text-align-center\">The entire content of this site is subject to copyright and intellectual property rights under French law. Any reproduction (including photos, icons and downloadable documents) is prohibited without prior consent from GEEK TONIC. Reproduction on electronic media of all or part of the site in paper or electronic format is prohibited. GEEK TONIC is not responsible for the content of the website. GEEK TONIC also declines all responsibility for external links pointing to this site.<\/p>\n\n\n\n<h2 class=\"ls__heading wp-block-heading has-text-align-center\" id=\"m-t-6\">PERSONAL DATA AND NOMINATIVE INFORMATION<\/h2>\n\n\n\n<p class=\"ls-paragraph has-text-align-center\">You have the right to access, modify, rectify and delete data concerning you in accordance with Article 34 of the French Data Protection Act (Loi &#8221; Informatique et Libert\u00e9s &#8221; n\u00b0 78-17 of January 6, 1978, amended on August 6, 2018). To exercise your right of access, simply send a written request to the site editor.<\/p>\n\n\n\n<h2 class=\"ls__heading wp-block-heading has-text-align-center\">LEGISLATION<\/h2>\n\n\n\n<p class=\"ls-paragraph has-text-align-center\">In accordance with the law of March 11, 1957 (art. 41) and the intellectual property code of July 1, 1992, it is forbidden to reproduce any part of the site in whole or in part without prior authorization from the site editor. Logos, visuals, photos, videos, graphic charts and texts are the property of their respective owners. This site may be linked to other sites through hyperlinks. The site editor declines all responsibility for the information presented on these other sites. The Internet user acknowledges that use of this site is governed by French law.<\/p>\n\n\r\n    <\/div>\r\n<\/section>","protected":false},"excerpt":{"rendered":"","protected":false},"author":1,"featured_media":813,"parent":0,"menu_order":0,"comment_status":"closed","ping_status":"closed","template":"","meta":{"_acf_changed":false,"inline_featured_image":false,"footnotes":""},"sujet":[],"class_list":["post-1371","page","type-page","status-publish","has-post-thumbnail","hentry"],"acf":[],"yoast_head":"<!-- This site is optimized with the Yoast SEO plugin v23.4 - https:\/\/yoast.com\/wordpress\/plugins\/seo\/ -->\n<title>Terms of use - Camping La Croze ***<\/title>\n<meta name=\"description\" content=\"Terms of use Site manager CAMPING LA CROZE48 ROUTE DE MOZAC - SAINT-HIPPOLYTET\u00e9l. 06 87 14 43 62Email: campinglacroze@wanadoo.frSIRET : 98294726900014\" \/>\n<meta name=\"robots\" content=\"noindex, nofollow\" \/>\n<script type=\"application\/ld+json\" class=\"yoast-schema-graph\">{\"@context\":\"https:\/\/schema.org\",\"@graph\":[{\"@type\":\"WebPage\",\"@id\":\"https:\/\/www.campingdelacroze.com\/en\/terms-of-use\/\",\"url\":\"https:\/\/www.campingdelacroze.com\/en\/terms-of-use\/\",\"name\":\"Terms of use - Camping La Croze ***\",\"isPartOf\":{\"@id\":\"https:\/\/www.campingdelacroze.com\/#website\"},\"primaryImageOfPage\":{\"@id\":\"https:\/\/www.campingdelacroze.com\/en\/terms-of-use\/#primaryimage\"},\"image\":{\"@id\":\"https:\/\/www.campingdelacroze.com\/en\/terms-of-use\/#primaryimage\"},\"thumbnailUrl\":\"https:\/\/www.campingdelacroze.com\/wp-content\/uploads\/2024\/04\/camping-la-croze-mentions-legales.webp\",\"datePublished\":\"2024-03-11T15:32:21+00:00\",\"dateModified\":\"2026-02-02T13:40:58+00:00\",\"description\":\"Terms of use Site manager CAMPING LA CROZE48 ROUTE DE MOZAC - SAINT-HIPPOLYTET\u00e9l. 06 87 14 43 62Email: campinglacroze@wanadoo.frSIRET : 98294726900014\",\"breadcrumb\":{\"@id\":\"https:\/\/www.campingdelacroze.com\/en\/terms-of-use\/#breadcrumb\"},\"inLanguage\":\"en-US\",\"potentialAction\":[{\"@type\":\"ReadAction\",\"target\":[\"https:\/\/www.campingdelacroze.com\/en\/terms-of-use\/\"]}]},{\"@type\":\"ImageObject\",\"inLanguage\":\"en-US\",\"@id\":\"https:\/\/www.campingdelacroze.com\/en\/terms-of-use\/#primaryimage\",\"url\":\"https:\/\/www.campingdelacroze.com\/wp-content\/uploads\/2024\/04\/camping-la-croze-mentions-legales.webp\",\"contentUrl\":\"https:\/\/www.campingdelacroze.com\/wp-content\/uploads\/2024\/04\/camping-la-croze-mentions-legales.webp\",\"width\":1920,\"height\":750},{\"@type\":\"BreadcrumbList\",\"@id\":\"https:\/\/www.campingdelacroze.com\/en\/terms-of-use\/#breadcrumb\",\"itemListElement\":[{\"@type\":\"ListItem\",\"position\":1,\"name\":\"Camping Puy-de-D\u00f4me\",\"item\":\"https:\/\/www.campingdelacroze.com\/en\/\"},{\"@type\":\"ListItem\",\"position\":2,\"name\":\"Terms of use\"}]},{\"@type\":\"WebSite\",\"@id\":\"https:\/\/www.campingdelacroze.com\/#website\",\"url\":\"https:\/\/www.campingdelacroze.com\/\",\"name\":\"Camping La Croze ***\",\"description\":\"\",\"publisher\":{\"@id\":\"https:\/\/www.campingdelacroze.com\/#organization\"},\"potentialAction\":[{\"@type\":\"SearchAction\",\"target\":{\"@type\":\"EntryPoint\",\"urlTemplate\":\"https:\/\/www.campingdelacroze.com\/?s={search_term_string}\"},\"query-input\":{\"@type\":\"PropertyValueSpecification\",\"valueRequired\":true,\"valueName\":\"search_term_string\"}}],\"inLanguage\":\"en-US\"},{\"@type\":\"Organization\",\"@id\":\"https:\/\/www.campingdelacroze.com\/#organization\",\"name\":\"Camping La Croze ***\",\"url\":\"https:\/\/www.campingdelacroze.com\/\",\"logo\":{\"@type\":\"ImageObject\",\"inLanguage\":\"en-US\",\"@id\":\"https:\/\/www.campingdelacroze.com\/#\/schema\/logo\/image\/\",\"url\":\"https:\/\/www.campingdelacroze.com\/wp-content\/uploads\/2024\/03\/cropped-camping-la-croze-favicon.png\",\"contentUrl\":\"https:\/\/www.campingdelacroze.com\/wp-content\/uploads\/2024\/03\/cropped-camping-la-croze-favicon.png\",\"width\":512,\"height\":512,\"caption\":\"Camping La Croze ***\"},\"image\":{\"@id\":\"https:\/\/www.campingdelacroze.com\/#\/schema\/logo\/image\/\"},\"sameAs\":[\"https:\/\/www.facebook.com\/Camping-de-la-croze-680781558691215\"]}]}<\/script>\n<!-- \/ Yoast SEO plugin. -->","yoast_head_json":{"title":"Terms of use - Camping La Croze ***","description":"Terms of use Site manager CAMPING LA CROZE48 ROUTE DE MOZAC - SAINT-HIPPOLYTET\u00e9l. 06 87 14 43 62Email: campinglacroze@wanadoo.frSIRET : 98294726900014","robots":{"index":"noindex","follow":"nofollow"},"schema":{"@context":"https:\/\/schema.org","@graph":[{"@type":"WebPage","@id":"https:\/\/www.campingdelacroze.com\/en\/terms-of-use\/","url":"https:\/\/www.campingdelacroze.com\/en\/terms-of-use\/","name":"Terms of use - Camping La Croze ***","isPartOf":{"@id":"https:\/\/www.campingdelacroze.com\/#website"},"primaryImageOfPage":{"@id":"https:\/\/www.campingdelacroze.com\/en\/terms-of-use\/#primaryimage"},"image":{"@id":"https:\/\/www.campingdelacroze.com\/en\/terms-of-use\/#primaryimage"},"thumbnailUrl":"https:\/\/www.campingdelacroze.com\/wp-content\/uploads\/2024\/04\/camping-la-croze-mentions-legales.webp","datePublished":"2024-03-11T15:32:21+00:00","dateModified":"2026-02-02T13:40:58+00:00","description":"Terms of use Site manager CAMPING LA CROZE48 ROUTE DE MOZAC - SAINT-HIPPOLYTET\u00e9l. 06 87 14 43 62Email: campinglacroze@wanadoo.frSIRET : 98294726900014","breadcrumb":{"@id":"https:\/\/www.campingdelacroze.com\/en\/terms-of-use\/#breadcrumb"},"inLanguage":"en-US","potentialAction":[{"@type":"ReadAction","target":["https:\/\/www.campingdelacroze.com\/en\/terms-of-use\/"]}]},{"@type":"ImageObject","inLanguage":"en-US","@id":"https:\/\/www.campingdelacroze.com\/en\/terms-of-use\/#primaryimage","url":"https:\/\/www.campingdelacroze.com\/wp-content\/uploads\/2024\/04\/camping-la-croze-mentions-legales.webp","contentUrl":"https:\/\/www.campingdelacroze.com\/wp-content\/uploads\/2024\/04\/camping-la-croze-mentions-legales.webp","width":1920,"height":750},{"@type":"BreadcrumbList","@id":"https:\/\/www.campingdelacroze.com\/en\/terms-of-use\/#breadcrumb","itemListElement":[{"@type":"ListItem","position":1,"name":"Camping Puy-de-D\u00f4me","item":"https:\/\/www.campingdelacroze.com\/en\/"},{"@type":"ListItem","position":2,"name":"Terms of use"}]},{"@type":"WebSite","@id":"https:\/\/www.campingdelacroze.com\/#website","url":"https:\/\/www.campingdelacroze.com\/","name":"Camping La Croze ***","description":"","publisher":{"@id":"https:\/\/www.campingdelacroze.com\/#organization"},"potentialAction":[{"@type":"SearchAction","target":{"@type":"EntryPoint","urlTemplate":"https:\/\/www.campingdelacroze.com\/?s={search_term_string}"},"query-input":{"@type":"PropertyValueSpecification","valueRequired":true,"valueName":"search_term_string"}}],"inLanguage":"en-US"},{"@type":"Organization","@id":"https:\/\/www.campingdelacroze.com\/#organization","name":"Camping La Croze ***","url":"https:\/\/www.campingdelacroze.com\/","logo":{"@type":"ImageObject","inLanguage":"en-US","@id":"https:\/\/www.campingdelacroze.com\/#\/schema\/logo\/image\/","url":"https:\/\/www.campingdelacroze.com\/wp-content\/uploads\/2024\/03\/cropped-camping-la-croze-favicon.png","contentUrl":"https:\/\/www.campingdelacroze.com\/wp-content\/uploads\/2024\/03\/cropped-camping-la-croze-favicon.png","width":512,"height":512,"caption":"Camping La Croze ***"},"image":{"@id":"https:\/\/www.campingdelacroze.com\/#\/schema\/logo\/image\/"},"sameAs":["https:\/\/www.facebook.com\/Camping-de-la-croze-680781558691215"]}]}},"_links":{"self":[{"href":"https:\/\/www.campingdelacroze.com\/en\/wp-json\/wp\/v2\/pages\/1371","targetHints":{"allow":["GET"]}}],"collection":[{"href":"https:\/\/www.campingdelacroze.com\/en\/wp-json\/wp\/v2\/pages"}],"about":[{"href":"https:\/\/www.campingdelacroze.com\/en\/wp-json\/wp\/v2\/types\/page"}],"author":[{"embeddable":true,"href":"https:\/\/www.campingdelacroze.com\/en\/wp-json\/wp\/v2\/users\/1"}],"replies":[{"embeddable":true,"href":"https:\/\/www.campingdelacroze.com\/en\/wp-json\/wp\/v2\/comments?post=1371"}],"version-history":[{"count":7,"href":"https:\/\/www.campingdelacroze.com\/en\/wp-json\/wp\/v2\/pages\/1371\/revisions"}],"predecessor-version":[{"id":2666,"href":"https:\/\/www.campingdelacroze.com\/en\/wp-json\/wp\/v2\/pages\/1371\/revisions\/2666"}],"wp:featuredmedia":[{"embeddable":true,"href":"https:\/\/www.campingdelacroze.com\/en\/wp-json\/wp\/v2\/media\/813"}],"wp:attachment":[{"href":"https:\/\/www.campingdelacroze.com\/en\/wp-json\/wp\/v2\/media?parent=1371"}],"wp:term":[{"taxonomy":"sujet","embeddable":true,"href":"https:\/\/www.campingdelacroze.com\/en\/wp-json\/wp\/v2\/sujet?post=1371"}],"curies":[{"name":"wp","href":"https:\/\/api.w.org\/{rel}","templated":true}]}}